{"id":201,"date":"2016-11-12T13:25:16","date_gmt":"2016-11-12T12:25:16","guid":{"rendered":"http:\/\/localhost\/bernardclaerhout\/expo-2\/?lang=fr"},"modified":"2025-11-19T08:20:55","modified_gmt":"2025-11-19T07:20:55","slug":"exposition","status":"publish","type":"page","link":"https:\/\/www.bernardclaerhout.be\/fr\/exposition\/","title":{"rendered":"Exposition"},"content":{"rendered":"<div>\n<h3><strong><span lang=\"EN-GB\">Exposition de fin d\u2019ann\u00e9e 2025<\/span><\/strong><\/h3>\n<\/div>\n<div>\n<p><span lang=\"EN-GB\">Vous \u00eates chaleureusement invit\u00e9 \u00e0 l\u2019exposition de Bernard Claerhout, pr\u00e9sent\u00e9e en collaboration avec <em>Het Molenhuis Interior by Philippaerts<\/em><i> <\/i>\u00e0 Vremde.<\/span><\/p>\n<\/div>\n<div>\n<p><strong><span lang=\"EN-GB\">Vendredi 28 novembre \u2022 11h00 \u2013 20h00<\/span><\/strong><span lang=\"EN-GB\"><br \/>\n<strong>Samedi 29 novembre \u2022 11h00 \u2013 18h00<\/strong><br \/>\n<strong>Dimanche 30 novembre \u2022 11h00 \u2013 18h00<\/strong><\/span><\/p>\n<\/div>\n<div>\n<p><strong><span lang=\"EN-GB\">Vendredi 5 d\u00e9cembre \u2022 11h00 \u2013 20h00<\/span><\/strong><span lang=\"EN-GB\"><br \/>\n<strong>Samedi 6 d\u00e9cembre \u2022 11h00 \u2013 18h00<\/strong><br \/>\n<strong>Dimanche 7 d\u00e9cembre \u2022 11h00 \u2013 18h00<\/strong><\/span><\/p>\n<\/div>\n<div><strong><span lang=\"NL\">LIEU<\/span><\/strong><\/div>\n<div><span lang=\"NL\"><i>@ <\/i><em>Het Molenhuis Interior<\/em><i><br \/>\n<\/i><\/span><\/div>\n<div>\n<div>\n<p><span lang=\"NL\">Reigersmolenstraat 33<br \/>\n2531 Vremde<\/span><\/p>\n<\/div>\n<\/div>\n<p><a href=\"https:\/\/www.instagram.com\/bernardclaerhout_juwelen\/\" target=\"_blank\" rel=\"noopener noreferrer\">Suivez-moi sur Instagram<\/a><\/p>\n<p><img loading=\"lazy\" class=\"alignnone size-medium wp-image-1217\" src=\"https:\/\/www.bernardclaerhout.be\/wp-content\/uploads\/2025\/11\/Peridoot-expo-437x328.jpeg\" alt=\"\" width=\"437\" height=\"328\" srcset=\"https:\/\/www.bernardclaerhout.be\/wp-content\/uploads\/2025\/11\/Peridoot-expo-437x328.jpeg 437w, https:\/\/www.bernardclaerhout.be\/wp-content\/uploads\/2025\/11\/Peridoot-expo-568x426.jpeg 568w, https:\/\/www.bernardclaerhout.be\/wp-content\/uploads\/2025\/11\/Peridoot-expo-768x576.jpeg 768w, https:\/\/www.bernardclaerhout.be\/wp-content\/uploads\/2025\/11\/Peridoot-expo.jpeg 1280w\" sizes=\"(max-width: 437px) 100vw, 437px\" \/><\/p>\n","protected":false},"excerpt":{"rendered":"<p>Exposition de fin d\u2019ann\u00e9e 2025 Vous \u00eates chaleureusement invit\u00e9 \u00e0 l\u2019exposition de Bernard Claerhout, pr\u00e9sent\u00e9e en collaboration avec Het Molenhuis Interior by Philippaerts \u00e0 Vremde. Vendredi 28 novembre \u2022 11h00 \u2013 20h00 Samedi 29 novembre \u2022 11h00 \u2013 18h00 Dimanche 30 novembre \u2022 11h00 \u2013 18h00 Vendredi 5 d\u00e9cembre \u2022 11h00 \u2013 20h00 Samedi 6 [&hellip;]<\/p>\n","protected":false},"author":1,"featured_media":777,"parent":0,"menu_order":11,"comment_status":"closed","ping_status":"closed","template":"","meta":[],"acf":[],"_links":{"self":[{"href":"https:\/\/www.bernardclaerhout.be\/fr\/wp-json\/wp\/v2\/pages\/201"}],"collection":[{"href":"https:\/\/www.bernardclaerhout.be\/fr\/wp-json\/wp\/v2\/pages"}],"about":[{"href":"https:\/\/www.bernardclaerhout.be\/fr\/wp-json\/wp\/v2\/types\/page"}],"author":[{"embeddable":true,"href":"https:\/\/www.bernardclaerhout.be\/fr\/wp-json\/wp\/v2\/users\/1"}],"replies":[{"embeddable":true,"href":"https:\/\/www.bernardclaerhout.be\/fr\/wp-json\/wp\/v2\/comments?post=201"}],"version-history":[{"count":47,"href":"https:\/\/www.bernardclaerhout.be\/fr\/wp-json\/wp\/v2\/pages\/201\/revisions"}],"predecessor-version":[{"id":1267,"href":"https:\/\/www.bernardclaerhout.be\/fr\/wp-json\/wp\/v2\/pages\/201\/revisions\/1267"}],"wp:featuredmedia":[{"embeddable":true,"href":"https:\/\/www.bernardclaerhout.be\/fr\/wp-json\/wp\/v2\/media\/777"}],"wp:attachment":[{"href":"https:\/\/www.bernardclaerhout.be\/fr\/wp-json\/wp\/v2\/media?parent=201"}],"curies":[{"name":"wp","href":"https:\/\/api.w.org\/{rel}","templated":true}]}}